{"id":1670,"date":"2024-07-29T07:00:41","date_gmt":"2024-07-29T07:00:41","guid":{"rendered":"https:\/\/angushousefarm.com\/?page_id=1670"},"modified":"2024-07-29T07:00:41","modified_gmt":"2024-07-29T07:00:41","slug":"home","status":"publish","type":"page","link":"https:\/\/angushousefarm.com\/","title":{"rendered":"Home"},"content":{"rendered":"\r\n\r\n<section class=\"banner-block ahf-banner\" style=\"background-image: url('https:\/\/angushousefarm.com\/wp-content\/uploads\/2023\/07\/1D3C2544-1-1920x1080.jpg')\">\r\n        \n\n<img src=\"\/wp-content\/themes\/ahf\/assets\/images\/ahf-logo-badge.svg\" alt=\"Angus House Farm Badge\" class=\"logo-badge\">\n\n\n\n<div class=\"wp-block-mrz-block-column-full column-block column-full d-flex hero-content\">\n<div class=\"wp-block-mrz-block-column-full column-block column-full d-flex f-dir-col  z-index-9\">\n<h1 class=\"wp-block-mrz-block-heading headline headline--large\"><span>Dedica<span class=\"symbol-under\">t<\/span>i<\/span><\/h1>\n<h1 class=\"wp-block-mrz-block-heading headline headline--large\"><span>Performan<span class=\"symbol-under\">t<\/span>ei<\/span><\/h1>\n<\/div>\n<\/div>\n\n<\/section>\n\n\n<section class=\"wp-block-mrz-block-section section-block container animate d-flex f-justify-center ahf-grid-section no-whitespace\">\n<div class=\"wp-block-mrz-block-container container-full container-block d-flex f-justify-center\">\n<div class=\"wp-block-mrz-block-column-full column-block column-full d-flex no-whitespace\">\n<div class=\"wp-block-mrz-block-column-half column-half no-whitespace\">\n<figure class=\"wp-block-image size-full\"><img loading=\"lazy\" width=\"1024\" height=\"683\" src=\"http:\/\/angushousefarm.com\/wp-content\/uploads\/2023\/07\/home-feature.png\" alt=\"\" class=\"wp-image-1552\" srcset=\"https:\/\/angushousefarm.com\/wp-content\/uploads\/2023\/07\/home-feature.png 1024w, https:\/\/angushousefarm.com\/wp-content\/uploads\/2023\/07\/home-feature-300x200.png 300w, https:\/\/angushousefarm.com\/wp-content\/uploads\/2023\/07\/home-feature-768x512.png 768w\" sizes=\"(max-width: 1024px) 100vw, 1024px\" \/><\/figure>\n\n\n\n<div class=\"wp-block-mrz-block-column-full column-block column-full d-flex f-dir-col ahf-grid-section-text max-600\">\n<h1 class=\"wp-block-mrz-block-heading headline headline--large\"><span>Ferma<\/span><span>noastr<span class=\"symbol-above\">a<\/span><\/span><\/h1>\n\n\n\n<p class=\"wp-block-mrz-block-content paragraph paragraph--normal mb-20\">Ferma noastr\u0103 v\u0103 ofer\u0103 o oportunitate unic\u0103 de afacere \u0219i un trai \u00een armonie cu natura! Investi\u021bia ini\u021bial\u0103 nu trebuie s\u0103 fie mare, iar cuno\u0219tin\u021bele \u00een domeniul cre\u0219terii vacilor nu sunt obligatorii, deoarece ve\u021bi avea ocazia s\u0103 \u00eenv\u0103\u021ba\u021bi cu ajutorul nostru.<\/p>\n\n\n\n<a href=\"http:\/\/angushousefarm.com\/despre-noi\/\" class=\"wp-block-mrz-block-button btn btn--normal\">Despre noi<\/a>\n<\/div>\n<\/div>\n\n\n\n<div class=\"wp-block-mrz-block-column-half column-half no-whitespace\">\n<figure class=\"wp-block-image size-full full-height\"><img loading=\"lazy\" width=\"960\" height=\"1000\" src=\"http:\/\/angushousefarm.com\/wp-content\/uploads\/2022\/06\/home-ferma-noastra-2.png\" alt=\"\" class=\"wp-image-405\" srcset=\"https:\/\/angushousefarm.com\/wp-content\/uploads\/2022\/06\/home-ferma-noastra-2.png 960w, https:\/\/angushousefarm.com\/wp-content\/uploads\/2022\/06\/home-ferma-noastra-2-288x300.png 288w, https:\/\/angushousefarm.com\/wp-content\/uploads\/2022\/06\/home-ferma-noastra-2-768x800.png 768w\" sizes=\"(max-width: 960px) 100vw, 960px\" \/><\/figure>\n<\/div>\n<\/div>\n<\/div>\n<\/section>\n\n\n\n<section class=\"wp-block-mrz-block-section section-block container animate d-flex f-justify-center feature-container no-whitespace\">\n<div class=\"wp-block-mrz-block-container container-full container-block d-flex f-justify-center max-1600\">\n<div class=\"wp-block-mrz-block-column-full column-block column-full d-flex\">\n<div class=\"wp-block-mrz-block-column-half column-half features z-index-9\">\n<div class=\"d-flex f-align-center\"><img src=\"http:\/\/angushousefarm.com\/wp-content\/uploads\/2022\/06\/home-150.svg\" alt=\"icon\" class=\"mr-10\"><\/div>\n\n\n\n<div class=\"d-flex f-align-center\"><img src=\"http:\/\/angushousefarm.com\/wp-content\/uploads\/2022\/06\/home-250.svg\" alt=\"icon\" class=\"mr-10\"><\/div>\n\n\n\n<div class=\"d-flex f-align-center\"><img src=\"http:\/\/angushousefarm.com\/wp-content\/uploads\/2022\/06\/home-500.svg\" alt=\"icon\" class=\"mr-10\"><\/div>\n\n\n\n<div class=\"d-flex f-align-center\"><img src=\"http:\/\/angushousefarm.com\/wp-content\/uploads\/2022\/06\/home-10.svg\" alt=\"icon\" class=\"mr-10\"><\/div>\n<\/div>\n\n\n\n<div class=\"wp-block-mrz-block-column-half column-half z-index-9\">\n<figure class=\"wp-block-image size-full bull-image\"><img loading=\"lazy\" width=\"598\" height=\"553\" src=\"http:\/\/angushousefarm.com\/wp-content\/uploads\/2022\/06\/angus-feature.png\" alt=\"\" class=\"wp-image-92\" srcset=\"https:\/\/angushousefarm.com\/wp-content\/uploads\/2022\/06\/angus-feature.png 598w, https:\/\/angushousefarm.com\/wp-content\/uploads\/2022\/06\/angus-feature-300x277.png 300w\" sizes=\"(max-width: 598px) 100vw, 598px\" \/><\/figure>\n<\/div>\n<\/div>\n<\/div>\n<\/section>\n\n\n\n<section class=\"wp-block-mrz-block-section section-block container animate d-flex f-justify-center ahf-grid-section no-whitespace\">\n<div class=\"wp-block-mrz-block-container container-full container-block d-flex f-justify-center\">\n<div class=\"wp-block-mrz-block-column-full column-block column-full d-flex no-whitespace\">\n<div class=\"wp-block-mrz-block-column-half column-half no-whitespace\">\n<figure class=\"wp-block-image size-full full-height\"><img loading=\"lazy\" width=\"960\" height=\"1000\" src=\"http:\/\/angushousefarm.com\/wp-content\/uploads\/2022\/06\/home-angus-de-performanta.png\" alt=\"\" class=\"wp-image-435\" srcset=\"https:\/\/angushousefarm.com\/wp-content\/uploads\/2022\/06\/home-angus-de-performanta.png 960w, https:\/\/angushousefarm.com\/wp-content\/uploads\/2022\/06\/home-angus-de-performanta-288x300.png 288w, https:\/\/angushousefarm.com\/wp-content\/uploads\/2022\/06\/home-angus-de-performanta-768x800.png 768w\" sizes=\"(max-width: 960px) 100vw, 960px\" \/><\/figure>\n<\/div>\n\n\n\n<div class=\"wp-block-mrz-block-column-half column-half f-justify-between no-whitespace\">\n<div class=\"wp-block-mrz-block-column-full column-block column-full d-flex ahf-grid-section-text f-dir-col max-600\">\n<h1 class=\"wp-block-mrz-block-heading headline headline--large mt-50\">Animale cu <span>performan<span class=\"symbol-under\">t<\/span>a<\/span><\/h1>\n\n\n\n<p class=\"wp-block-mrz-block-content paragraph paragraph--normal\">Obiectivul principal al activit\u0103\u021bii noastre este performan\u021ba: de la combina\u021bia genetic\u0103, la tratamente si furajare corespunz\u0103toare a animalelor, urm\u0103rim \u0219i \u00eembun\u0103t\u0103\u021bim constant to\u021bi parametrii pentru a ne asigura cele mai bune\u00a0 rezultate. Plec\u00e2nd de proverbul \u201cRasa, casa, masa\u201d, \u00een cadrul fermei acord\u0103m aten\u021bia necesar\u0103 tuturor detaliilor care pot impacta calitatea. F\u0103r\u0103 un material genetic bun nu se poate discuta despre performan\u021b\u0103, indiferent de calitatea furajelor, ins\u0103 \u00eenainte de orice, s\u0103n\u0103tatea \u0219i bun\u0103starea animalelor este primul pas.<\/p>\n\n\n\n<a href=\"\/genetica-noastra\" class=\"wp-block-mrz-block-button btn btn--normal\">Mai\u00a0multe<\/a>\n<\/div>\n\n\n\n<div class=\"vimeo-container\">\n <iframe loading=\"lazy\" id=\"vimeovid\" src=\"https:\/\/player.vimeo.com\/video\/646166072\" width=\"100%\" height=\"535&quot;\" frameborder=\"0\" webkitallowfullscreen=\"\" mozallowfullscreen=\"\" allowfullscreen=\"\" allow=\"autoplay\"><\/iframe>\n <div id=\"hide\" class=\"thumbnail-home\"><button class=\"player-btn\" onclick=\"play_video()\"><span class=\"mrz-play\"><\/span><\/button><\/div><\/div>\n<\/div>\n<\/div>\n<\/div>\n<\/section>\n\n\n\n<section class=\"wp-block-mrz-block-section section-block container animate d-flex f-justify-center food-section no-whitespace\">\n<div class=\"wp-block-mrz-block-container container-full container-block d-flex f-justify-center max-1600\">\n<div class=\"wp-block-mrz-block-column-full column-block column-full d-flex f-align-center\">\n<div class=\"wp-block-mrz-block-column-half column-half\">\n<h1 class=\"wp-block-mrz-block-heading headline headline--large\"><span>Furajare<\/span><span>natural<span class=\"symbol-above\">a<\/span><\/span><\/h1>\n\n\n\n<p class=\"wp-block-mrz-block-content paragraph paragraph--normal\">In perioada sezonului de p\u0103\u0219unat ,pe l\u00e2ng\u0103 iarba natural\u0103 de pe p\u0103\u0219uni, animalele sunt suplimentate cu s\u0103ruri minerale specializate pe fiecare categorie in parte. In sezonul rece, al\u0103turi de nutri\u021bioni\u0219ti cu care colaboram, animalele primesc o ra\u021bie compus\u0103 din fanuri, semifanuri , nutre\u021buri \u00eensilozate si s\u0103ruri minerale necesare unei dezvolt\u0103ri s\u0103n\u0103toase; totodata monitoriz\u00e2nd si aspectul profitabilit\u0103\u021bii.<br><\/p>\n<\/div>\n\n\n\n<div class=\"wp-block-mrz-block-column-half column-half\">\n<div class=\"d-flex f-align-center furajare-container\">\n<img src=\"\/wp-content\/themes\/ahf\/assets\/images\/home-grass.png\" alt=\"icon\">\n<img src=\"\/wp-content\/themes\/ahf\/assets\/images\/home-coal.png\" alt=\"icon\" class=\"mr-10\">\n<img src=\"\/wp-content\/themes\/ahf\/assets\/images\/home-mix-1.png\" alt=\"icon\">\n<img src=\"\/wp-content\/themes\/ahf\/assets\/images\/home-mix-2.png\" alt=\"icon\">\n<img src=\"\/wp-content\/themes\/ahf\/assets\/images\/home-mix-3.png\" alt=\"icon\">\n<\/div>\n<\/div>\n<\/div>\n<\/div>\n<\/section>\n\n\n\n<a href=\"http:\/\/angushousefarm.com\/despre-noi\/\" class=\"wp-block-mrz-block-button btn btn--outline-wide\">Mai\u00a0multe<\/a>\n\n\n\n<section class=\"wp-block-mrz-block-section section-block container animate d-flex f-justify-center sale-block\">\n<div class=\"wp-block-mrz-block-container container-full container-block d-flex f-justify-center\">\n<div class=\"wp-block-mrz-block-column-full column-block column-full d-flex  f-justify-between f-align-center\">\n<div class=\"wp-block-mrz-block-column-half column-half no-whitespace  f-justify-between\">\n<div class=\"wp-block-mrz-block-column-full column-block column-full d-flex f-dir-col no-whitespace home-sale-content\">\n<h1 class=\"wp-block-mrz-block-heading headline headline--large d-flex\">De<span>&nbsp; v<span class=\"symbol-above\">a<\/span>nzare<\/span><\/h1>\n\n\n\n<p class=\"wp-block-mrz-block-content paragraph paragraph--normal\">Dac\u0103 \u021bi-a pl\u0103cut povestea noastr\u0103 \u0219i te-a inspirat, ne-am bucura s\u0103 \u00ee\u021bi fim al\u0103turi. Avem pentru tine o selec\u021bie de vite de \u00eenalt\u0103 calitate \u0219i \u00ee\u021bi putem oferi tot suportul necesar dezvolt\u0103rii propriei tale ferme.<\/p>\n\n\n\n<a href=\"\/de-vanzare\" class=\"wp-block-mrz-block-button btn btn--normal mt-20\">Mai multe<\/a>\n<\/div>\n<\/div>\n\n\n\n<div class=\"wp-block-mrz-block-column-half column-half sale-container\">\n<figure class=\"wp-block-image size-full image-hover-zoom\"><a href=\"http:\/\/angushousefarm.com\/de-vanzare\/\"><img loading=\"lazy\" width=\"900\" height=\"600\" src=\"http:\/\/angushousefarm.com\/wp-content\/uploads\/2023\/07\/sale-1.jpg\" alt=\"\" class=\"wp-image-1558\" srcset=\"https:\/\/angushousefarm.com\/wp-content\/uploads\/2023\/07\/sale-1.jpg 900w, https:\/\/angushousefarm.com\/wp-content\/uploads\/2023\/07\/sale-1-300x200.jpg 300w, https:\/\/angushousefarm.com\/wp-content\/uploads\/2023\/07\/sale-1-768x512.jpg 768w\" sizes=\"(max-width: 900px) 100vw, 900px\" \/><\/a><\/figure>\n\n\n\n<div class=\"wp-block-mrz-block-column-full column-block column-full d-flex sale-name\">\n<h3 class=\"wp-block-mrz-block-heading headline headline--subtitle\">Lot AHF73<\/h3>\n\n\n\n<div class=\"sale-gender sale-gender-female\"><\/div>\n<\/div>\n<\/div>\n<\/div>\n<\/div>\n<\/section>\n\n\n\n<section class=\"wp-block-mrz-block-section section-block container animate d-flex f-justify-center blog-section bg-dark no-whitespace\"><div class=\"ahf-feature-article\"><div class=\"feature-thumbnail\"><a href=\"https:\/\/angushousefarm.com\/blog\/10-lucruri-interesante-de-stiut-despre-rasa-black-angus\/\" class=\"image-hover-zoom\"><img width=\"635\" height=\"423\" src=\"https:\/\/angushousefarm.com\/wp-content\/uploads\/2022\/06\/10-lucruri-interesante-de-stiut-despre-rasa-black-angus-slider.png\" class=\"attachment-1210x423 size-1210x423 wp-post-image\" alt=\"10 Interesante Lucruri De Stiut Despre Rasa Black Angus\" loading=\"lazy\" srcset=\"https:\/\/angushousefarm.com\/wp-content\/uploads\/2022\/06\/10-lucruri-interesante-de-stiut-despre-rasa-black-angus-slider.png 2000w, https:\/\/angushousefarm.com\/wp-content\/uploads\/2022\/06\/10-lucruri-interesante-de-stiut-despre-rasa-black-angus-slider-300x200.png 300w, https:\/\/angushousefarm.com\/wp-content\/uploads\/2022\/06\/10-lucruri-interesante-de-stiut-despre-rasa-black-angus-slider-1024x682.png 1024w, https:\/\/angushousefarm.com\/wp-content\/uploads\/2022\/06\/10-lucruri-interesante-de-stiut-despre-rasa-black-angus-slider-768x512.png 768w, https:\/\/angushousefarm.com\/wp-content\/uploads\/2022\/06\/10-lucruri-interesante-de-stiut-despre-rasa-black-angus-slider-1536x1024.png 1536w\" sizes=\"(max-width: 635px) 100vw, 635px\" \/><\/a><\/div>\n\t\t\t\t\t\t\t\t<div class=\"feature-content\">\n\t\t\t\t\t\t\t\t\t<h3>10 Lucruri Interesante de stiut despre rasa Black Angus<\/h3>\n\t\t\t\t\t\t\t\t\t<p>Vitele Angus, sau Aberdeen Angus, sunt o ras\u0103 sco\u021bian\u0103 de vite crescute pentru carne. Acest tip de vit\u0103 este originar\u0103 [&hellip;]<\/p>\n\t\t\t\t\t\t\t\t\t<a href=\"https:\/\/angushousefarm.com\/blog\/10-lucruri-interesante-de-stiut-despre-rasa-black-angus\/\" class=\"btn btn--icon-right\">Citeste Articolul<\/span><\/a>\n\t\t\t\t\t\t\t<\/div><\/div>\n<\/section>\n\n\n\n<a href=\"\/blog\" class=\"wp-block-mrz-block-button btn btn--outline-wide\">Mai multe articole<\/a>\n\n\n\n<section class=\"wp-block-mrz-block-section section-block container animate d-flex f-justify-center instagram\">\n<div class=\"wp-block-mrz-block-container container-full container-block d-flex f-justify-center f-dir-col\">\n<div class=\"wp-block-mrz-block-column-full column-block column-full d-flex\">\n<h1 class=\"wp-block-mrz-block-heading headline headline--large d-flex\">Urm<span class=\"symbol-above\">a<\/span>re<span class=\"symbol-under\">s<\/span>te-ne<\/h1>\n\n\n\n<p class=\"wp-block-mrz-block-content paragraph paragraph--normal\">Fii al\u0103turi de AHF \u0219i urm\u0103re\u0219te \u00een continuare povestea noastr\u0103! \u00ce\u021bi ar\u0103t\u0103m cum e via\u021ba noastr\u0103 de zi cu zi la ferm\u0103. Vezi ce presupune o ferm\u0103, de cre\u0219terea animalelor si agricultur\u0103!<\/p>\n<\/div>\n\n\n\n<div class=\"wp-block-mrz-block-column-full column-block column-full d-flex\">\n<div id=\"sb_instagram\"  class=\"sbi sbi_mob_col_1 sbi_tab_col_2 sbi_col_5 sbi_width_resp\" style=\"padding-bottom: 2px;\"\t data-feedid=\"*4\"  data-res=\"auto\" data-cols=\"5\" data-colsmobile=\"1\" data-colstablet=\"2\" data-num=\"10\" data-nummobile=\"6\" data-item-padding=\"1\"\t data-shortcode-atts=\"{&quot;feed&quot;:&quot;4&quot;}\"  data-postid=\"109\" data-locatornonce=\"b474e41b38\" data-imageaspectratio=\"1:1\" data-sbi-flags=\"favorLocal\">\n\t\n\t<div id=\"sbi_images\"  style=\"gap: 2px;\">\n\t\t\t<\/div>\n\n\t<div id=\"sbi_load\" >\n\n\t\n\t\n<\/div>\n\t\t<span class=\"sbi_resized_image_data\" data-feed-id=\"*4\"\n\t\t  data-resized=\"[]\">\n\t<\/span>\n\t<\/div>\n\n\n<\/div>\n<\/div>\n<\/section>\n","protected":false},"excerpt":{"rendered":"","protected":false},"author":1,"featured_media":706,"parent":0,"menu_order":0,"comment_status":"closed","ping_status":"closed","template":"","meta":[],"aioseo_notices":[],"_links":{"self":[{"href":"https:\/\/angushousefarm.com\/wp-json\/wp\/v2\/pages\/1670"}],"collection":[{"href":"https:\/\/angushousefarm.com\/wp-json\/wp\/v2\/pages"}],"about":[{"href":"https:\/\/angushousefarm.com\/wp-json\/wp\/v2\/types\/page"}],"author":[{"embeddable":true,"href":"https:\/\/angushousefarm.com\/wp-json\/wp\/v2\/users\/1"}],"replies":[{"embeddable":true,"href":"https:\/\/angushousefarm.com\/wp-json\/wp\/v2\/comments?post=1670"}],"version-history":[{"count":1,"href":"https:\/\/angushousefarm.com\/wp-json\/wp\/v2\/pages\/1670\/revisions"}],"predecessor-version":[{"id":1673,"href":"https:\/\/angushousefarm.com\/wp-json\/wp\/v2\/pages\/1670\/revisions\/1673"}],"wp:featuredmedia":[{"embeddable":true,"href":"https:\/\/angushousefarm.com\/wp-json\/wp\/v2\/media\/706"}],"wp:attachment":[{"href":"https:\/\/angushousefarm.com\/wp-json\/wp\/v2\/media?parent=1670"}],"curies":[{"name":"wp","href":"https:\/\/api.w.org\/{rel}","templated":true}]}}